{"id":8,"date":"2012-04-09T19:25:54","date_gmt":"2012-04-09T19:25:54","guid":{"rendered":"http:\/\/www.mubgmbh.de\/?page_id=8"},"modified":"2014-09-29T08:55:00","modified_gmt":"2014-09-29T08:55:00","slug":"uber-uns","status":"publish","type":"page","link":"https:\/\/www.mubgmbh.de\/?page_id=8","title":{"rendered":"\u00dcber uns"},"content":{"rendered":"<p><span style=\"color: #c0c0c0;\">M&amp;B ist ein familiengef\u00fchrtes Unternehmen in Hamburg. Gegr\u00fcndet wurde das Unternehmen 1991 von Wilfried Meyer ( \u2020 2013) und Karl Heinz Bluhm (im Ruhestand).<\/span><br \/>\n<span style=\"color: #c0c0c0;\">Beide sind ehemalige Mitarbeiter des Forschungslabors der Firma Philips, Abteilung Mechanik. Diese wurde aus Rationalisierungsgr\u00fcnden geschlossen.<\/span><\/p>\n<p><span style=\"color: #c0c0c0;\">Angefangen wurde mit 1 Mitarbeiter mit der Erstellung mechanischer Teile, Baugruppen und Sonderl\u00f6sungen im mechanischen Bereich.<\/span><\/p>\n<p><span style=\"color: #c0c0c0;\">In den letzten 20 Jahren wuchs die Zahl qualifizierter Mitarbeiter und der Aufgabenbereich erweiterte sich stetig <a title=\"Leistung\" href=\"http:\/\/localhost\/wordpress\/?page_id=24\"><span style=\"color: #c0c0c0;\">(<\/span><\/a><span style=\"color: #ff0000;\"><a title=\"Leistungen\" href=\"https:\/\/www.mubgmbh.de\/?page_id=10\"><span style=\"color: #ff0000;\">siehe Leistung<\/span><\/a><\/span><a title=\"Leistung\" href=\"http:\/\/localhost\/wordpress\/?page_id=24\"><span style=\"color: #c0c0c0;\">)<\/span><\/a>.<\/span><br \/>\n<span style=\"color: #c0c0c0;\">Aus diesem Grund wird 2012 eine neue Produktionshalle gebaut <a title=\"Unser Projekt\" href=\"http:\/\/localhost\/wordpress\/?page_id=173\"><span style=\"color: #c0c0c0;\">(<\/span><\/a><span style=\"color: #ff0000;\"><a title=\"unser Projekt\" href=\"https:\/\/www.mubgmbh.de\/?page_id=15\"><span style=\"color: #ff0000;\"><span style=\"color: #ffff99;\"><span style=\"color: #ff0000;\">siehe Unser Projek<\/span><\/span><\/span><\/a><\/span><span style=\"color: #000000;\"><span style=\"color: #ff0000;\"><a title=\"unser Projekt\" href=\"https:\/\/www.mubgmbh.de\/?page_id=15\"><span style=\"color: #ff0000;\">t<\/span><\/a><\/span><\/span><a title=\"Unser Projekt\" href=\"http:\/\/localhost\/wordpress\/?page_id=173\"><span style=\"color: #c0c0c0;\">)<\/span><\/a>.<\/span><\/p>\n<p><span style=\"color: #c0c0c0;\">1999 hat Rouven Meyer (Sohn) seine T\u00e4tigkeit im v\u00e4terlichen Unternehmen aufgenommen und 2010 die Gesch\u00e4ftsleitung \u00fcbernommen.<\/span><\/p>\n","protected":false},"excerpt":{"rendered":"<p>M&amp;B ist ein familiengef\u00fchrtes Unternehmen in Hamburg. Gegr\u00fcndet wurde das Unternehmen 1991 von Wilfried Meyer ( \u2020 2013) und Karl Heinz Bluhm (im Ruhestand). Beide sind ehemalige Mitarbeiter des Forschungslabors der Firma Philips, Abteilung Mechanik. Diese wurde aus Rationalisierungsgr\u00fcnden geschlossen. Angefangen wurde mit 1 Mitarbeiter mit der Erstellung mechanischer Teile, Baugruppen und Sonderl\u00f6sungen im mechanischen Bereich. In den letzten 20 Jahren wuchs die Zahl qualifizierter Mitarbeiter und der Aufgabenbereich erweiterte sich stetig (siehe Leistung). Aus diesem Grund wird 2012 eine neue Produktionshalle gebaut (siehe Unser Projekt). 1999 hat Rouven Meyer (Sohn) seine T\u00e4tigkeit im v\u00e4terlichen Unternehmen aufgenommen und 2010 die Gesch\u00e4ftsleitung \u00fcbernommen.<\/p>\n","protected":false},"author":1,"featured_media":0,"parent":0,"menu_order":10,"comment_status":"closed","ping_status":"closed","template":"","meta":{"ngg_post_thumbnail":0},"_links":{"self":[{"href":"https:\/\/www.mubgmbh.de\/index.php?rest_route=\/wp\/v2\/pages\/8"}],"collection":[{"href":"https:\/\/www.mubgmbh.de\/index.php?rest_route=\/wp\/v2\/pages"}],"about":[{"href":"https:\/\/www.mubgmbh.de\/index.php?rest_route=\/wp\/v2\/types\/page"}],"author":[{"embeddable":true,"href":"https:\/\/www.mubgmbh.de\/index.php?rest_route=\/wp\/v2\/users\/1"}],"replies":[{"embeddable":true,"href":"https:\/\/www.mubgmbh.de\/index.php?rest_route=%2Fwp%2Fv2%2Fcomments&post=8"}],"version-history":[{"count":15,"href":"https:\/\/www.mubgmbh.de\/index.php?rest_route=\/wp\/v2\/pages\/8\/revisions"}],"predecessor-version":[{"id":444,"href":"https:\/\/www.mubgmbh.de\/index.php?rest_route=\/wp\/v2\/pages\/8\/revisions\/444"}],"wp:attachment":[{"href":"https:\/\/www.mubgmbh.de\/index.php?rest_route=%2Fwp%2Fv2%2Fmedia&parent=8"}],"curies":[{"name":"wp","href":"https:\/\/api.w.org\/{rel}","templated":true}]}}