{"id":365,"date":"2013-09-22T15:28:46","date_gmt":"2013-09-22T15:28:46","guid":{"rendered":"http:\/\/www.mubgmbh.de\/?page_id=365"},"modified":"2019-08-02T07:47:56","modified_gmt":"2019-08-02T07:47:56","slug":"neuerungen-und-investitionen","status":"publish","type":"page","link":"https:\/\/www.mubgmbh.de\/?page_id=365","title":{"rendered":"Neuerungen und Investitionen"},"content":{"rendered":"<h3 style=\"text-align: center;\"><span style=\"text-decoration: underline;\"><span style=\"color: #cccccc; text-decoration: underline;\">November 2019 kommt eine zweite 5 Achs Fr\u00e4smaschine<\/span><\/span><\/h3>\n<h3 style=\"text-align: center;\"><strong><span style=\"color: #cccccc;\">HAAS UMC 750<\/span><\/strong><\/h3>\n<p style=\"text-align: center;\"><a class=\"shutterset_\" title=\" \" href=\"https:\/\/www.mubgmbh.de\/wp-content\/gallery\/frasen2\/UMC750.jpg\" data-image-id=\"165\" data-src=\"https:\/\/www.mubgmbh.de\/wp-content\/gallery\/frasen2\/UMC750.jpg\" data-thumbnail=\"https:\/\/www.mubgmbh.de\/wp-content\/gallery\/frasen2\/thumbs\/thumbs_UMC750.jpg\" data-title=\"UMC750\" data-description=\" \"><img decoding=\"async\" class=\"ngg-singlepic ngg-center\" src=\"https:\/\/www.mubgmbh.de\/wp-content\/gallery\/frasen2\/thumbs\/thumbs_UMC750.jpg\" alt=\"UMC750\"><\/a><\/p>\n<p>&nbsp;<\/p>\n<h3 style=\"text-align: center;\"><span style=\"text-decoration: underline; color: #bfbfbf;\"><strong>September<\/strong> 2017 kommt eine 5 Achs Fr\u00e4smaschine<br><\/span><\/h3>\n<h3 style=\"text-align: center;\"><span style=\"color: #bbbcbd;\"><strong>HAAS UMC-750SS<\/strong><\/span><\/h3>\n<p style=\"text-align: center;\">&nbsp;<\/p>\n<p><a class=\"shutterset_\" title=\" \" href=\"https:\/\/www.mubgmbh.de\/wp-content\/gallery\/frasen2\/Haas-UMC-750ss.jpg\" data-image-id=\"163\" data-src=\"https:\/\/www.mubgmbh.de\/wp-content\/gallery\/frasen2\/Haas-UMC-750ss.jpg\" data-thumbnail=\"https:\/\/www.mubgmbh.de\/wp-content\/gallery\/frasen2\/thumbs\/thumbs_Haas-UMC-750ss.jpg\" data-title=\"Haas UMC-750ss\" data-description=\" \"><img decoding=\"async\" class=\"ngg-singlepic ngg-center aligncenter\" src=\"https:\/\/www.mubgmbh.de\/wp-content\/gallery\/frasen2\/thumbs\/thumbs_Haas-UMC-750ss.jpg\" alt=\"Haas UMC-750ss\"><\/a><\/p>\n<h3 style=\"text-align: center;\"><span style=\"text-decoration: underline; color: #bfbfbf;\">April 2017 neue Fr\u00e4smaschine<\/span><\/h3>\n<h3 style=\"text-align: center;\"><span style=\"color: #bbbcbd;\">Haas VF 2 SS<br><\/span><\/h3>\n<p>&nbsp;<\/p>\n<p style=\"text-align: center;\"><a class=\"shutterset_\" title=\" \" href=\"https:\/\/www.mubgmbh.de\/wp-content\/gallery\/frasen2\/VF-2-SS.jpg\" data-image-id=\"164\" data-src=\"https:\/\/www.mubgmbh.de\/wp-content\/gallery\/frasen2\/VF-2-SS.jpg\" data-thumbnail=\"https:\/\/www.mubgmbh.de\/wp-content\/gallery\/frasen2\/thumbs\/thumbs_VF-2-SS.jpg\" data-title=\"VF 2 SS\" data-description=\" \"><img decoding=\"async\" class=\"ngg-singlepic ngg-center aligncenter\" src=\"https:\/\/www.mubgmbh.de\/wp-content\/gallery\/frasen2\/thumbs\/thumbs_VF-2-SS.jpg\" alt=\"VF 2 SS\"><\/a>&nbsp;<\/p>\n<p style=\"text-align: center;\">&nbsp;<\/p>\n<p style=\"text-align: center;\">&nbsp;<\/p>\n<h3 style=\"text-align: center;\"><span style=\"text-decoration: underline; color: #bfbfbf;\">M\u00e4rz 2016<\/span><\/h3>\n<h2 style=\"text-align: center;\"><span style=\"color: #bfbfbf;\">Rundschleifmaschine Studer S20<\/span><\/h2>\n<p style=\"text-align: center;\"><a href=\"https:\/\/www.mubgmbh.de\/wp-content\/uploads\/2013\/09\/studer_s20_1.jpg\"><img decoding=\"async\" loading=\"lazy\" class=\"aligncenter wp-image-566\" src=\"https:\/\/www.mubgmbh.de\/wp-content\/uploads\/2013\/09\/studer_s20_1.jpg\" alt=\"studer_s20_1\" width=\"216\" height=\"165\"><\/a><\/p>\n<p>&nbsp;<\/p>\n<h3 style=\"text-align: center;\"><span style=\"text-decoration: underline; color: #bfbdbd;\">Februar 2016 <\/span><\/h3>\n<h2><span style=\"color: #bfbdbd;\">Flachschleifmaschine <span style=\"color: #cdcfd1;\">Geibel<\/span> &amp; Hotz FS 640 SD<\/span><\/h2>\n<h2 style=\"text-align: left;\"><span style=\"color: #bfbdbd;\"><a class=\"shutterset_\" style=\"color: #bfbdbd;\" title=\" \" href=\"https:\/\/www.mubgmbh.de\/wp-content\/gallery\/schleifen1\/wpfcf3213b_05.jpg\" data-image-id=\"152\" data-src=\"https:\/\/www.mubgmbh.de\/wp-content\/gallery\/schleifen1\/wpfcf3213b_05.jpg\" data-thumbnail=\"https:\/\/www.mubgmbh.de\/wp-content\/gallery\/schleifen1\/thumbs\/thumbs_wpfcf3213b_05.jpg\" data-title=\"wpfcf3213b_05.jpg\" data-description=\" \"><img decoding=\"async\" class=\"ngg-singlepic ngg-none aligncenter\" src=\"https:\/\/www.mubgmbh.de\/wp-content\/gallery\/schleifen1\/thumbs\/thumbs_wpfcf3213b_05.jpg\" alt=\"wpfcf3213b_05.jpg\"><\/a>&nbsp; <\/span><\/h2>\n<ul>\n<li style=\"text-align: left;\"><span style=\"color: #b8b8b8;\"><span style=\"color: #bfbdbd;\">Bearbeitungsbereich: 600 x 400<\/span> <\/span><\/li>\n<\/ul>\n<p>&nbsp;<\/p>\n<h3 style=\"text-align: center;\"><span style=\"text-decoration: underline; color: #999999;\">2016<\/span><\/h3>\n<h2 style=\"text-align: center;\"><span style=\"color: #999999;\">Drahterodiere SL 600 Q<\/span><\/h2>\n<h2 style=\"text-align: right;\">            \n\t\t<div class=\"ngg-gallery-singlepic-image ngg-center\" style=\"\">\n\t\t\t    \t<a href=\"https:\/\/www.mubgmbh.de\/wp-content\/gallery\/erodiren1\/sl600q.png\"\n\t\t     title=\"\"\n             data-src=\"https:\/\/www.mubgmbh.de\/wp-content\/gallery\/erodiren1\/sl600q.png\"\n             data-thumbnail=\"https:\/\/www.mubgmbh.de\/wp-content\/gallery\/erodiren1\/thumbs\/thumbs_sl600q.png\"\n             data-image-id=\"153\"\n             data-title=\"sl600q.png\"\n             data-description=\"\"\n             target='_self'\n             class=\"ngg-simplelightbox\" rel=\"213667bc77af2166e9103ab559687123\">\n            <img class=\"ngg-singlepic\"\n             src=\"https:\/\/www.mubgmbh.de\/wp-content\/gallery\/erodiren1\/cache\/sl600q.png-nggid03153-ngg0dyn-0x0x100-00f0w010c010r110f110r010t010.png\"\n             alt=\"sl600q.png\"\n             title=\"sl600q.png\"\n                           \/>\n    \t<\/a>\n\t\t      <\/div>\n        <\/h2>\n<ul>\n<li style=\"text-align: left;\"><span style=\"color: #999999;\">Bearbeitungsbereich: 600 x 400 x 350<\/span><\/li>\n<\/ul>\n<p>&nbsp;<\/p>\n<h3><span style=\"color: #ccffcc;\">&nbsp;<\/span><\/h3>\n<h3 style=\"text-align: center;\"><span style=\"text-decoration: underline;\"><span style=\"color: #c0c0c0; text-decoration: underline;\">Mitte 2014 <span style=\"color: #b8b8b8; text-decoration: underline;\">kommt<\/span> eine neue CNC-Fr\u00e4smaschine<\/span><\/span><\/h3>\n<h2 style=\"text-align: center;\"><span style=\"color: #c0c0c0;\">Haas Super Mini Mill 2<br><\/span><\/h2>\n<p><a class=\"shutterset_\" title=\" \" href=\"https:\/\/www.mubgmbh.de\/wp-content\/gallery\/sminimill2\/SMINIMILL2.jpg\" data-image-id=\"140\" data-src=\"https:\/\/www.mubgmbh.de\/wp-content\/gallery\/sminimill2\/SMINIMILL2.jpg\" data-thumbnail=\"https:\/\/www.mubgmbh.de\/wp-content\/gallery\/sminimill2\/thumbs\/thumbs_SMINIMILL2.jpg\" data-title=\"SMINIMILL2\" data-description=\" \"><img decoding=\"async\" class=\"ngg-singlepic ngg-center aligncenter\" src=\"https:\/\/www.mubgmbh.de\/wp-content\/gallery\/sminimill2\/thumbs\/thumbs_SMINIMILL2.jpg\" alt=\"SMINIMILL2\"><\/a><\/p>\n<ul>\n<li><span style=\"color: #c0c0c0;\">Bearbeitungsbereich: 508 x 406 x 356<br><\/span><\/li>\n<li><span style=\"color: #c0c0c0;\">Drehzahl: 10.000 U\/min<br><\/span><\/li>\n<li><span style=\"color: #c0c0c0;\">Achsen: 3<br><\/span><\/li>\n<li><span style=\"color: #c0c0c0;\">25 Werkzeuge<\/span><\/li>\n<\/ul>\n<hr>\n<h3 style=\"text-align: center;\"><span style=\"text-decoration: underline;\"><span style=\"color: #c0c0c0; text-decoration: underline;\">Anfang 2014 wird in eine neue CNC-Drehbank investiert<\/span><\/span><\/h3>\n<p>&nbsp;<\/p>\n<h2><span style=\"color: #c0c0c0;\">Gildemeister CTX beta 800            \n\t\t<div class=\"ngg-gallery-singlepic-image \" style=\"max-width: 320px\">\n\t\t\t    \t<a href=\"https:\/\/www.mubgmbh.de\/wp-content\/gallery\/drehen-3\/ctx_beta_800.jpg\"\n\t\t     title=\"\"\n             data-src=\"https:\/\/www.mubgmbh.de\/wp-content\/gallery\/drehen-3\/ctx_beta_800.jpg\"\n             data-thumbnail=\"https:\/\/www.mubgmbh.de\/wp-content\/gallery\/drehen-3\/thumbs\/thumbs_ctx_beta_800.jpg\"\n             data-image-id=\"133\"\n             data-title=\"ctx_beta_800\"\n             data-description=\"\"\n             target='_self'\n             class=\"ngg-simplelightbox\" rel=\"247e9934cdcac850930cb9b6f762f1ce\">\n            <img class=\"ngg-singlepic\"\n             src=\"https:\/\/www.mubgmbh.de\/wp-content\/gallery\/drehen-3\/cache\/ctx_beta_800.jpg-nggid03133-ngg0dyn-320x240x100-00f0w010c010r110f110r010t010.jpg\"\n             alt=\"ctx_beta_800\"\n             title=\"ctx_beta_800\"\n              width=\"320\"               \/>\n    \t<\/a>\n\t\t      <\/div>\n        <\/span><\/h2>\n<p><span style=\"color: #c0c0c0;\">Mit Gegenspindel<\/span><\/p>\n<p><span style=\"color: #c0c0c0;\">C und Y-Achse auf beiden Spindeln.<\/span><\/p>\n<p><span style=\"color: #c0c0c0;\">12 Angetriebene Werkzeuge mit Direktantrib bis 10000 U\/min<\/span><\/p>\n\n\n<h2 class=\"wp-block-heading\"><\/h2>\n\n\n\n<h2 class=\"wp-block-heading\"><\/h2>\n","protected":false},"excerpt":{"rendered":"<p>November 2019 kommt eine zweite 5 Achs Fr\u00e4smaschine HAAS UMC 750 &nbsp; September 2017 kommt eine 5 Achs Fr\u00e4smaschine HAAS UMC-750SS &nbsp; April 2017 neue Fr\u00e4smaschine Haas VF 2 SS &nbsp; &nbsp; &nbsp; &nbsp; M\u00e4rz 2016 Rundschleifmaschine Studer S20 &nbsp; Februar 2016 Flachschleifmaschine Geibel &amp; Hotz FS 640 SD &nbsp; Bearbeitungsbereich: 600 x 400 &nbsp; 2016 Drahterodiere SL 600 Q Bearbeitungsbereich: 600 x 400 x 350 &nbsp; &nbsp; Mitte 2014 kommt eine neue CNC-Fr\u00e4smaschine Haas Super Mini Mill 2 Bearbeitungsbereich: 508 x 406 x 356 Drehzahl: 10.000 U\/min Achsen: 3 25 Werkzeuge Anfang 2014 wird in eine neue CNC-Drehbank investiert &nbsp; Gildemeister CTX beta 800 Mit Gegenspindel C und Y-Achse auf beiden Spindeln. 12 Angetriebene Werkzeuge mit Direktantrib bis 10000 U\/min<\/p>\n","protected":false},"author":1,"featured_media":658,"parent":36,"menu_order":51,"comment_status":"closed","ping_status":"closed","template":"","meta":{"ngg_post_thumbnail":0},"_links":{"self":[{"href":"https:\/\/www.mubgmbh.de\/index.php?rest_route=\/wp\/v2\/pages\/365"}],"collection":[{"href":"https:\/\/www.mubgmbh.de\/index.php?rest_route=\/wp\/v2\/pages"}],"about":[{"href":"https:\/\/www.mubgmbh.de\/index.php?rest_route=\/wp\/v2\/types\/page"}],"author":[{"embeddable":true,"href":"https:\/\/www.mubgmbh.de\/index.php?rest_route=\/wp\/v2\/users\/1"}],"replies":[{"embeddable":true,"href":"https:\/\/www.mubgmbh.de\/index.php?rest_route=%2Fwp%2Fv2%2Fcomments&post=365"}],"version-history":[{"count":41,"href":"https:\/\/www.mubgmbh.de\/index.php?rest_route=\/wp\/v2\/pages\/365\/revisions"}],"predecessor-version":[{"id":660,"href":"https:\/\/www.mubgmbh.de\/index.php?rest_route=\/wp\/v2\/pages\/365\/revisions\/660"}],"up":[{"embeddable":true,"href":"https:\/\/www.mubgmbh.de\/index.php?rest_route=\/wp\/v2\/pages\/36"}],"wp:featuredmedia":[{"embeddable":true,"href":"https:\/\/www.mubgmbh.de\/index.php?rest_route=\/wp\/v2\/media\/658"}],"wp:attachment":[{"href":"https:\/\/www.mubgmbh.de\/index.php?rest_route=%2Fwp%2Fv2%2Fmedia&parent=365"}],"curies":[{"name":"wp","href":"https:\/\/api.w.org\/{rel}","templated":true}]}}