{"id":36,"date":"2012-04-09T19:51:16","date_gmt":"2012-04-09T19:51:16","guid":{"rendered":"http:\/\/www.mubgmbh.de\/?page_id=36"},"modified":"2021-12-03T06:05:11","modified_gmt":"2021-12-03T06:05:11","slug":"home","status":"publish","type":"page","link":"https:\/\/www.mubgmbh.de\/","title":{"rendered":"Home"},"content":{"rendered":"<h2 style=\"text-align: center;\">            \n\t\t<div class=\"ngg-gallery-singlepic-image \" style=\"max-width: 800px\">\n\t\t\t    \t<a href=\"https:\/\/www.mubgmbh.de\/wp-content\/gallery\/home11\/halle1.jpg\"\n\t\t     title=\"SAMSUNG\"\n             data-src=\"https:\/\/www.mubgmbh.de\/wp-content\/gallery\/home11\/halle1.jpg\"\n             data-thumbnail=\"https:\/\/www.mubgmbh.de\/wp-content\/gallery\/home11\/thumbs\/thumbs_halle1.jpg\"\n             data-image-id=\"114\"\n             data-title=\"SAMSUNG\"\n             data-description=\"SAMSUNG\"\n             target='_self'\n             class=\"ngg-simplelightbox\" rel=\"e4110e68a9053403099f415816f7aea9\">\n            <img class=\"ngg-singlepic\"\n             src=\"https:\/\/www.mubgmbh.de\/wp-content\/gallery\/home11\/cache\/halle1.jpg-nggid03114-ngg0dyn-800x324x100-00f0w010c010r110f110r010t010.jpg\"\n             alt=\"SAMSUNG\"\n             title=\"SAMSUNG\"\n              width=\"800\"               \/>\n    \t<\/a>\n\t\t      <\/div>\n        <\/h2>\n<h2 style=\"text-align: center;\"><span style=\"color: #c0c0c0;\"><strong>Willkommen bei M&amp;B Pr\u00e4zisionsmechanik GmbH<\/strong><\/span><\/h2>\n<h4 style=\"text-align: center;\"><span style=\"color: #c0c0c0;\">&nbsp; M&amp;B, mit Sitz in Seevetal bei Hamburg, ist ein kompetenter Partner f\u00fcr<\/span><\/h4>\n<h4 style=\"text-align: center;\"><span style=\"color: #c0c0c0;\"> Entwicklung, Konstruktion und die komplette Fertigung im Bereich<\/span><\/h4>\n<h4 style=\"text-align: center;\"><span style=\"color: #c0c0c0;\">&nbsp;<\/span><\/h4>\n<h2 style=\"text-align: center;\"><span style=\"color: #c0c0c0;\"><strong>&nbsp;&nbsp;<span style=\"color: #ff0000;\"> Maschinenbau<\/span><\/strong><\/span><\/h2>\n<h2 style=\"text-align: center;\"><span style=\"color: #c0c0c0;\"><strong>&nbsp;&nbsp; <span style=\"color: #ff0000;\">Formenbau<\/span><\/strong><\/span><\/h2>\n<h2 style=\"text-align: center;\"><span style=\"color: #c0c0c0;\"><strong>&nbsp;&nbsp; <span style=\"color: #ff0000;\">Vorrichtungsbau<\/span><\/strong><\/span><\/h2>\n<h2 style=\"text-align: center;\"><span style=\"color: #c0c0c0;\"><strong>&nbsp;&nbsp; <span style=\"color: #ff0000;\">Werkzeugbau<\/span><\/strong><\/span><\/h2>\n<p style=\"text-align: center;\"><span style=\"color: #000000;\">..<\/span><\/p>\n<p style=\"text-align: center;\"><span style=\"color: #c0c0c0;\">M&amp;B ist zertifiziert nach ISO 9001:2015<\/span><\/p>\n<p style=\"text-align: center;\"><span style=\"color: #000000;\">CNC-Zerspanung, Feinmechanik, Modellbau, Metallbearbeitung, Konstruktion, CNC-Fr\u00e4sen, Fr\u00e4sen, 5-Achs Simultan, 3D Fr\u00e4sen, Kopierfr\u00e4sen, Drehen,CNC Drehen, Schleifen, Rundschleifen, Flachschleifen, Hohnen, Wasserstrahlschneiden, Erodieren, Senkerodieren, Drahterodieren, Bohren, Senken, Reiben, Schwei\u00dfen, WIG, MiG Mag, L\u00f6ten, Hartl\u00f6ten, Blechbearbeitung, Aluminium, Edelstahl, Kunstoff, Messing, Kupfer, Bronze, NE-Metalle, Einzelteil Fertigung, Einzelteilfertigung, Prototypen, Serien Fertigung, Serienfertigung, Messen, Messmaschine, 3D Messen, Umstempelberechtigung, Umstempel berechtigter Betrieb<\/span><\/p>\n","protected":false},"excerpt":{"rendered":"<p>Willkommen bei M&amp;B Pr\u00e4zisionsmechanik GmbH &nbsp; M&amp;B, mit Sitz in Seevetal bei Hamburg, ist ein kompetenter Partner f\u00fcr Entwicklung, Konstruktion und die komplette Fertigung im Bereich &nbsp; &nbsp;&nbsp; Maschinenbau &nbsp;&nbsp; Formenbau &nbsp;&nbsp; Vorrichtungsbau &nbsp;&nbsp; Werkzeugbau .. M&amp;B ist zertifiziert nach ISO 9001:2015 CNC-Zerspanung, Feinmechanik, Modellbau, Metallbearbeitung, Konstruktion, CNC-Fr\u00e4sen, Fr\u00e4sen, 5-Achs Simultan, 3D Fr\u00e4sen, Kopierfr\u00e4sen, Drehen,CNC Drehen, Schleifen, Rundschleifen, Flachschleifen, Hohnen, Wasserstrahlschneiden, Erodieren, Senkerodieren, Drahterodieren, Bohren, Senken, Reiben, Schwei\u00dfen, WIG, MiG Mag, L\u00f6ten, Hartl\u00f6ten, Blechbearbeitung, Aluminium, Edelstahl, Kunstoff, Messing, Kupfer, Bronze, NE-Metalle, Einzelteil Fertigung, Einzelteilfertigung, Prototypen, Serien Fertigung, Serienfertigung, Messen, Messmaschine, 3D Messen, Umstempelberechtigung, Umstempel berechtigter Betrieb<\/p>\n","protected":false},"author":1,"featured_media":0,"parent":0,"menu_order":0,"comment_status":"closed","ping_status":"closed","template":"","meta":{"ngg_post_thumbnail":0},"_links":{"self":[{"href":"https:\/\/www.mubgmbh.de\/index.php?rest_route=\/wp\/v2\/pages\/36"}],"collection":[{"href":"https:\/\/www.mubgmbh.de\/index.php?rest_route=\/wp\/v2\/pages"}],"about":[{"href":"https:\/\/www.mubgmbh.de\/index.php?rest_route=\/wp\/v2\/types\/page"}],"author":[{"embeddable":true,"href":"https:\/\/www.mubgmbh.de\/index.php?rest_route=\/wp\/v2\/users\/1"}],"replies":[{"embeddable":true,"href":"https:\/\/www.mubgmbh.de\/index.php?rest_route=%2Fwp%2Fv2%2Fcomments&post=36"}],"version-history":[{"count":34,"href":"https:\/\/www.mubgmbh.de\/index.php?rest_route=\/wp\/v2\/pages\/36\/revisions"}],"predecessor-version":[{"id":810,"href":"https:\/\/www.mubgmbh.de\/index.php?rest_route=\/wp\/v2\/pages\/36\/revisions\/810"}],"wp:attachment":[{"href":"https:\/\/www.mubgmbh.de\/index.php?rest_route=%2Fwp%2Fv2%2Fmedia&parent=36"}],"curies":[{"name":"wp","href":"https:\/\/api.w.org\/{rel}","templated":true}]}}