{"id":19,"date":"2012-04-09T19:31:37","date_gmt":"2012-04-09T19:31:37","guid":{"rendered":"http:\/\/www.mubgmbh.de\/?page_id=19"},"modified":"2013-03-29T11:13:58","modified_gmt":"2013-03-29T11:13:58","slug":"impressum","status":"publish","type":"page","link":"https:\/\/www.mubgmbh.de\/?page_id=19","title":{"rendered":"Impressum"},"content":{"rendered":"<h1><span style=\"color: #c0c0c0;\">M&amp;B Pr\u00e4zisionsmechanik GmbH<\/span><\/h1>\n<p><span style=\"color: #c0c0c0;\">Gesch\u00e4ftsf\u00fchrer: Rouven Meyer<\/span><br \/>\n<span style=\"color: #c0c0c0;\"> Beckedorfer Bogen 14<\/span><br \/>\n<span style=\"color: #c0c0c0;\"> 21218 Seevetal<br \/>\n<\/span><\/p>\n<p><span style=\"color: #c0c0c0;\">Tel.: + 49 4105 580 88 0<\/span><br \/>\n<span style=\"color: #c0c0c0;\"> Fax.: +49 4105 580 88 10<\/span><br \/>\n<span style=\"color: #c0c0c0;\"> E-Mail: <a href=\"mailto:info@mubgmbh.de\"><span style=\"color: #c0c0c0;\">info@mubgmbh.de<\/span><\/a><\/span><\/p>\n<p>&nbsp;<\/p>\n<p><span style=\"color: #c0c0c0;\">Handelsregister B 204160, Amtsgericht L\u00fcneburg<br \/>\n<\/span><\/p>\n<p><span style=\"color: #c0c0c0;\">Ust-IDNr.: DE 118609559<\/span><\/p>\n<h1><span style=\"color: #c0c0c0;\">Inhalt der Internetpr\u00e4senz<\/span><\/h1>\n<p style=\"text-align: justify;\"><span style=\"color: #c0c0c0;\">M &amp; B Pr\u00e4zisionsmechanik GmbH \u00fcbernimmt keinerlei Gew\u00e4hr f\u00fcr die Aktualit\u00e4t, Korrektheit, Vollst\u00e4ndigkeit oder Qualit\u00e4t der bereitgestellten Informationen, Haftungsanspr\u00fcche gegen M &amp; B Pr\u00e4zisionsmechanik GmbH, welche sich auf Sch\u00e4den materieller oder ideeller Art beziehen, die durch die Nutzung oder Nichtnutzung der dargebotenen Informationen bzw. durch die Nutzung fehlerhafter und unvollst\u00e4ndiger Informationen verursacht wurden sind grunds\u00e4tzlich ausgeschlossen, sofern von M &amp; B Pr\u00e4zisionsmechanik GmbH kein nachweislich vors\u00e4tzliches oder grob fahrl\u00e4ssiges Verschulden vorliegt.<\/span><\/p>\n<p style=\"text-align: justify;\"><span style=\"color: #c0c0c0;\">Alle Angebote sind freibleibend und unverbindlich. M &amp; B Pr\u00e4zisionsmechanik GmbH beh\u00e4lt es sich ausdr\u00fccklich vor, Teile der Seiten oder das gesamte Angebot ohne gesonderte Ank\u00fcndigung zu ver\u00e4ndern, zu erg\u00e4nzen, zu l\u00f6schen oder die Ver\u00f6ffentlichung zeitweise oder endg\u00fcltig einzustellen.<\/span><\/p>\n<h2><span style=\"color: #c0c0c0;\">Hinweis zur Problematik von externen Links<\/span><\/h2>\n<p style=\"text-align: justify;\"><span style=\"color: #c0c0c0;\">M &amp; B Pr\u00e4zisionsmechanik GmbH ist als Inhaltsanbieter f\u00fcr die \u201ceigenen Inhalte\u201c, die M &amp; B Pr\u00e4zisionsmechanik GmbH zur Nutzung bereith\u00e4lt, nach den allgemeinen Gesetzen verantwortlich.<\/span><\/p>\n<p style=\"text-align: justify;\"><span style=\"color: #c0c0c0;\">In dieser Internetpr\u00e4senz existieren Querverweise (\u201cLinks\u201c) auf von anderen Anbietern bereitgehaltene Inhalte. F\u00fcr diese fremden Inhalte ist M &amp; B Pr\u00e4zisionsmechanik GmbH nur dann verantwortlich, wenn M &amp; B Pr\u00e4zisionsmechanik GmbH von ihnen (d.h. auch von einem rechtswidrigen bzw. strafbaren Inhalt) positive Kenntnis hat und es M &amp; B Pr\u00e4zisionsmechanik GmbH technisch m\u00f6glich und zumutbar ist, deren Nutzung zu verhindern.<\/span><\/p>\n<p style=\"text-align: justify;\"><span style=\"color: #c0c0c0;\">Bei \u201cLinks\u201c handelt es sich allerdings stets um \u201clebende\u201c (dynamische) Verweisungen. M &amp; B Pr\u00e4zisionsmechanik GmbH hat bei der erstmaligen Verkn\u00fcpfung zwar den fremden Inhalt daraufhin \u00fcberpr\u00fcft, ob durch ihn eine m\u00f6gliche zivilrechtliche oder strafrechtliche Verantwortlichkeit ausgel\u00f6st wird, M &amp; B Pr\u00e4zisionsmechanik GmbH ist aber nicht dazu verpflichtet, die Inhalte, auf die M &amp; B Pr\u00e4zisionsmechanik GmbH innerhalb dieser Seiten verweist, st\u00e4ndig auf Ver\u00e4nderungen zu \u00fcberpr\u00fcfen, die eine Verantwortlichkeit neu begr\u00fcnden k\u00f6nnten. Erst wenn wir feststellen oder von anderen darauf hingewiesen werden, dass ein konkretes Angebot, zu dem wir einen Link bereitgestellt haben, eine zivil- oder strafrechtliche Verantwortlichkeit ausl\u00f6st, werden wir den Verweis auf dieses Angebot aufheben, soweit uns dies technisch m\u00f6glich und zumutbar ist. Die technische M\u00f6glichkeit und Zumutbarkeit wird nicht dadurch beeinflusst, dass auch nach Unterbindung des Zugriffs von unserer Homepage von anderen Servern aus auf das rechtswidrige oder strafbare Angebot zugegriffen werden kann.<\/span><\/p>\n<h2><span style=\"color: #c0c0c0;\">Speicherung von Zugriffsdaten<\/span><\/h2>\n<p style=\"text-align: justify;\"><span style=\"color: #c0c0c0;\">Bei jeder Aufforderung einer Datei aus dieser Internetpr\u00e4senz werden Zugriffsdaten gespeichert. Jeder Datensatz besteht aus:<\/span><\/p>\n<p><span style=\"color: #c0c0c0;\">&#8211;\u00a0\u00a0\u00a0\u00a0\u00a0\u00a0\u00a0\u00a0\u00a0\u00a0\u00a0 der Seite, von der aus die Datei angefordert wurde<\/span><br \/>\n<span style=\"color: #c0c0c0;\"> &#8211;\u00a0\u00a0\u00a0\u00a0\u00a0\u00a0\u00a0\u00a0\u00a0\u00a0\u00a0 dem Namen der Datei<\/span><br \/>\n<span style=\"color: #c0c0c0;\"> &#8211;\u00a0\u00a0\u00a0\u00a0\u00a0\u00a0\u00a0\u00a0\u00a0\u00a0\u00a0 dem Datum und Uhrzeit der Anforderung<\/span><br \/>\n<span style=\"color: #c0c0c0;\"> &#8211;\u00a0\u00a0\u00a0\u00a0\u00a0\u00a0\u00a0\u00a0\u00a0\u00a0\u00a0 der \u00fcbertragenen Datenmenge<\/span><br \/>\n<span style=\"color: #c0c0c0;\"> &#8211;\u00a0\u00a0\u00a0\u00a0\u00a0\u00a0\u00a0\u00a0\u00a0\u00a0\u00a0 dem Zugriffsstatus (Datei \u00fcbertragen, Datei nicht gefunden etc.)<\/span><br \/>\n<span style=\"color: #c0c0c0;\"> &#8211;\u00a0\u00a0\u00a0\u00a0\u00a0\u00a0\u00a0\u00a0\u00a0\u00a0\u00a0 einer Beschreibung des Typs des verwendeten Webbrowsers<\/span><br \/>\n<span style=\"color: #c0c0c0;\"> &#8211;\u00a0\u00a0\u00a0\u00a0\u00a0\u00a0\u00a0\u00a0\u00a0\u00a0\u00a0 Anfragende Domain<\/span><\/p>\n<p style=\"text-align: justify;\"><span style=\"color: #c0c0c0;\">Die gespeicherten Daten werden ausschlie\u00dflich zu statistischen\u00a0 Zwecken ausgewertet, eine Weitergabe an Dritte, auch in Ausz\u00fcgen, findet nicht statt.<\/span><\/p>\n<h2><span style=\"color: #c0c0c0;\">Personenbezogene Daten<\/span><\/h2>\n<p style=\"text-align: justify;\"><span style=\"color: #c0c0c0;\">Innerhalb dieser Internetpr\u00e4senz besteht die M\u00f6glichkeit, uns personenbezogene Daten zu \u00fcbermitteln. \u201ePersonenbezogene Daten\u201c sind Informationen, die genutzt werden k\u00f6nnen, um Ihre Identit\u00e4t zu erfahren. Darunter fallen Informationen wie Ihr Name, Adresse, Postanschrift, Telefonnummer, eMail-Adresse.<\/span><\/p>\n<p style=\"text-align: justify;\"><span style=\"color: #c0c0c0;\">Hinsichtlich Ihrer personenbezogenen Daten weisen wir gem\u00e4\u00df \u00a7 33 BDSG darauf hin, dass diese nach Ma\u00dfgabe der abwendbaren Datenschutzbestimmungen gespeichert und\/oder \u00fcbertragen werden.<\/span><\/p>\n<p style=\"text-align: justify;\"><span style=\"color: #c0c0c0;\">Im \u00fcbrigen werden personenbezogene Daten absolut vertraulich behandelt und nur mit gesonderter Zustimmung an Dritte weitergeleitet.<\/span><\/p>\n<p style=\"text-align: justify;\"><span style=\"color: #c0c0c0;\">Wir weisen Sie ausdr\u00fccklich darauf hin, dass der Datenschutz in offenen Netzen wie dem Internet nach dem derzeitigem Stand der Technik nicht vollst\u00e4ndig gew\u00e4hrleistet werden kann.<\/span><\/p>\n<p style=\"text-align: justify;\"><span style=\"color: #c0c0c0;\">Wir wissen das Vertrauen zu sch\u00e4tzen, dass Sie uns entgegenbringen, und wenden \u00e4u\u00dferste Sorgfalt an, um Ihre pers\u00f6nlichen Angaben zu sch\u00fctzen. Wenn sie Fragen haben, k\u00f6nnen Sie sich auch direkt an uns wenden. Schreiben Sie an:<\/span><\/p>\n<p><span style=\"color: #c0c0c0;\">info@mubgmbh.de<\/span><\/p>\n<h2><span style=\"color: #c0c0c0;\">Urheber- und Kennzeichenrecht<\/span><\/h2>\n<p style=\"text-align: justify;\"><span style=\"color: #c0c0c0;\">M &amp; B Pr\u00e4zisionsmechanik GmbH ist bestrebt, die Urheberrechte der verwendeten Grafiken, Tondokumente, Videosequenzen und Texte zu beachten, selbst erstellte Grafiken, Tondokumente, Videosequenzen und Texte zu nutzen oder auf lizenzfreie Grafiken, Tondokumente, Videosequenzen und Texte zur\u00fcckzugreifen.<\/span><\/p>\n<p style=\"text-align: justify;\"><span style=\"color: #c0c0c0;\">Alle innerhalb des Internetangebotes genannten und ggf. durch Dritte gesch\u00fctzten Marken- und Warenzeichen unterliegen uneingeschr\u00e4nkt den Bestimmungen des jeweils g\u00fcltigen Kennzeichenrechts und den Besitzrechten der jeweiligen eingetragenen Eigent\u00fcmer. Allein aufgrund der blo\u00dfen Nennung ist nicht der Schluss zu ziehen, dass Markenzeichen nicht durch Rechte Dritter gesch\u00fctzt sind!<\/span><\/p>\n<p style=\"text-align: justify;\"><span style=\"color: #c0c0c0;\">Das Copyright f\u00fcr ver\u00f6ffentlichte, von M &amp; B Pr\u00e4zisionsmechanik GmbH selbst erstellte Objekte bleibt allein bei M &amp; B Pr\u00e4zisionsmechanik GmbH. Eine Vervielf\u00e4ltigung oder Verwendung solcher Grafiken, Tondokumente, Videosequenzen und Texte in anderen elektronischen oder gedruckten Publikationen ist ohne ausdr\u00fcckliche Zustimmung durch M &amp; B Pr\u00e4zisionsmechanik GmbH nicht gestattet.<\/span><\/p>\n<h2><span style=\"color: #c0c0c0;\">Rechtswirksamkeit<\/span><\/h2>\n<p style=\"text-align: justify;\"><span style=\"color: #c0c0c0;\">Sofern Teile oder einzelne Formulierungen dieses Textes der geltenden Rechtslage nicht, nicht mehr oder nicht vollst\u00e4ndig entsprechen sollten, bleiben die \u00fcbrigen Teile in ihrem Inhalt und ihrer G\u00fcltigkeit davon unber\u00fchrt.<\/span><\/p>\n","protected":false},"excerpt":{"rendered":"<p>M&amp;B Pr\u00e4zisionsmechanik GmbH Gesch\u00e4ftsf\u00fchrer: Rouven Meyer Beckedorfer Bogen 14 21218 Seevetal Tel.: + 49 4105 580 88 0 Fax.: +49 4105 580 88 10 E-Mail: info@mubgmbh.de &nbsp; Handelsregister B 204160, Amtsgericht L\u00fcneburg Ust-IDNr.: DE 118609559 Inhalt der Internetpr\u00e4senz M &amp; B Pr\u00e4zisionsmechanik GmbH \u00fcbernimmt keinerlei Gew\u00e4hr f\u00fcr die Aktualit\u00e4t, Korrektheit, Vollst\u00e4ndigkeit oder Qualit\u00e4t der bereitgestellten Informationen, Haftungsanspr\u00fcche gegen M &amp; B Pr\u00e4zisionsmechanik GmbH, welche sich auf Sch\u00e4den materieller oder ideeller Art beziehen, die durch die Nutzung oder Nichtnutzung der dargebotenen Informationen bzw. durch die Nutzung fehlerhafter und unvollst\u00e4ndiger Informationen verursacht wurden sind grunds\u00e4tzlich ausgeschlossen, sofern von M &amp; B Pr\u00e4zisionsmechanik GmbH kein nachweislich vors\u00e4tzliches oder grob fahrl\u00e4ssiges Verschulden vorliegt. Alle Angebote sind freibleibend und unverbindlich. M &amp; B Pr\u00e4zisionsmechanik GmbH beh\u00e4lt es sich ausdr\u00fccklich vor, Teile der Seiten oder das gesamte Angebot ohne gesonderte Ank\u00fcndigung zu ver\u00e4ndern, zu erg\u00e4nzen, zu l\u00f6schen oder die Ver\u00f6ffentlichung zeitweise oder endg\u00fcltig einzustellen. Hinweis zur Problematik von externen Links M &amp; B Pr\u00e4zisionsmechanik GmbH ist als Inhaltsanbieter f\u00fcr die \u201ceigenen Inhalte\u201c, die M &amp; B Pr\u00e4zisionsmechanik GmbH zur Nutzung bereith\u00e4lt, nach den allgemeinen Gesetzen verantwortlich. In dieser Internetpr\u00e4senz existieren Querverweise (\u201cLinks\u201c) auf von anderen Anbietern bereitgehaltene Inhalte. F\u00fcr diese fremden Inhalte ist M &amp; B [&hellip;]<\/p>\n","protected":false},"author":1,"featured_media":0,"parent":0,"menu_order":80,"comment_status":"closed","ping_status":"closed","template":"","meta":{"ngg_post_thumbnail":0},"_links":{"self":[{"href":"https:\/\/www.mubgmbh.de\/index.php?rest_route=\/wp\/v2\/pages\/19"}],"collection":[{"href":"https:\/\/www.mubgmbh.de\/index.php?rest_route=\/wp\/v2\/pages"}],"about":[{"href":"https:\/\/www.mubgmbh.de\/index.php?rest_route=\/wp\/v2\/types\/page"}],"author":[{"embeddable":true,"href":"https:\/\/www.mubgmbh.de\/index.php?rest_route=\/wp\/v2\/users\/1"}],"replies":[{"embeddable":true,"href":"https:\/\/www.mubgmbh.de\/index.php?rest_route=%2Fwp%2Fv2%2Fcomments&post=19"}],"version-history":[{"count":16,"href":"https:\/\/www.mubgmbh.de\/index.php?rest_route=\/wp\/v2\/pages\/19\/revisions"}],"predecessor-version":[{"id":357,"href":"https:\/\/www.mubgmbh.de\/index.php?rest_route=\/wp\/v2\/pages\/19\/revisions\/357"}],"wp:attachment":[{"href":"https:\/\/www.mubgmbh.de\/index.php?rest_route=%2Fwp%2Fv2%2Fmedia&parent=19"}],"curies":[{"name":"wp","href":"https:\/\/api.w.org\/{rel}","templated":true}]}}