{"id":10,"date":"2012-04-09T19:26:44","date_gmt":"2012-04-09T19:26:44","guid":{"rendered":"http:\/\/www.mubgmbh.de\/?page_id=10"},"modified":"2021-02-10T13:13:08","modified_gmt":"2021-02-10T13:13:08","slug":"leistungen","status":"publish","type":"page","link":"https:\/\/www.mubgmbh.de\/?page_id=10","title":{"rendered":"Leistungen"},"content":{"rendered":"<h4 style=\"text-align: center;\"><strong><span style=\"color: #c0c0c0; text-decoration: underline;\">Unser Leistungsspektrum beinhaltet die kundenindividuelle<\/span><\/strong><\/h4>\n<h4 style=\"text-align: center;\"><strong><span style=\"color: #c0c0c0; text-decoration: underline;\">&nbsp;Beratung, Planung, <\/span><span style=\"color: #c0c0c0; text-decoration: underline;\">Konstruktion und Fertigung von:<\/span><\/strong><\/h4>\n<p><\/p>\n<ul>\n<li><span style=\"color: #c0c0c0;\">Einzelteil- und Serienfertigung von Bauteilen<\/span><\/li>\n<li><span style=\"color: #c0c0c0;\">Vorrichtungen<br><\/span><\/li>\n<li>\n<p style=\"text-align: left;\"><span style=\"color: #c0c0c0;\">Lehren f\u00fcr die Qualit\u00e4tssicherung in der Produktion und Entwicklung<\/span><\/p>\n<\/li>\n<li><span style=\"color: #c0c0c0;\">Sondermaschinen z.B. f\u00fcr die Verpackungsindustrie<\/span><\/li>\n<li><span style=\"color: #c0c0c0;\">Spritzgusswerkzeuge und Formen f\u00fcr die Kunststoffindustrie<\/span><\/li>\n<\/ul>\n<p><\/p>\n<h4 style=\"text-align: center;\"><span style=\"text-decoration: underline; color: #c0c0c0;\">Unter Einbindung von:<\/span><\/h4>\n<p><\/p>\n<ul>\n<li><span style=\"color: #c0c0c0;\">CAD\/CAM Daten mit VDA-Anschluss<\/span><\/li>\n<li><span style=\"color: #c0c0c0;\">CNC-Dreh- und Fr\u00e4sbearbeitung mit bis zu 5 Achsen<\/span><\/li>\n<li><span style=\"color: #c0c0c0;\">Drahterodieren<\/span><\/li>\n<li><span style=\"color: #c0c0c0;\">Senkerodieren<\/span><\/li>\n<li><span style=\"color: #c0c0c0;\">Flach- und Rundschleifen<\/span><\/li>\n<li><span style=\"color: #c0c0c0;\">Wasserstrahlschneiden<\/span><\/li>\n<li><span style=\"color: #c0c0c0;\">Laserbeschriftung<br><\/span><\/li>\n<li><span style=\"color: #c0c0c0;\">Schwei\u00dfen Wig \/ Mig-Mag<br><\/span><\/li>\n<li><span style=\"color: #c0c0c0;\">L\u00f6ten (hart, weich , Lichtbogenl\u00f6ten)<\/span><\/li>\n<li><span style=\"color: #c0c0c0;\">Hohnen<br><\/span><\/li>\n<li><span style=\"color: #c0c0c0;\">Trenns\u00e4gen von Keramik und Quarzglas<\/span><\/li>\n<li><span style=\"color: #c0c0c0;\">Vakuumtechnik und Elektromechanik<\/span><\/li>\n<li><span style=\"color: #c0c0c0;\">Pneumatik<br><\/span><\/li>\n<\/ul>\n<p><\/p>\n<h4 style=\"text-align: center;\"><span style=\"text-decoration: underline; color: #c0c0c0;\">M&amp;B gew\u00e4hrleistet h\u00f6chste Pr\u00e4zision bei der Bearbeitung von:<\/span><\/h4>\n<p><\/p>\n<ul>\n<li><span style=\"color: #c0c0c0;\">Metallen und NE-Metallen aller Art<\/span><\/li>\n<li><span style=\"color: #c0c0c0;\">Edelstahlbearbeitung<br><\/span><\/li>\n<li><span style=\"color: #c0c0c0;\">Kunststoffen aller Art<\/span><\/li>\n<li><span style=\"color: #c0c0c0;\">CFK- und GFK-Werkstoffen<\/span><\/li>\n<li><span style=\"color: #c0c0c0;\">Keramik und Quarzen<\/span><\/li>\n<\/ul>\n<p style=\"text-align: center;\"><span style=\"color: #c0c0c0;\">F\u00fcr die Qualit\u00e4tssicherung steht eine Zeiss 3D Messmaschine bereit.<\/span><\/p>\n            \n\t\t<div class=\"ngg-gallery-singlepic-image \" style=\"max-width: 210px\">\n\t\t\t    \t<a href=\"https:\/\/www.mubgmbh.de\/wp-content\/gallery\/messen1\/zeiss_eclipse_1.jpg\"\n\t\t     title=\"Deutsch: Beispiel f\u00fcr Modernisierung: Auch eine \u00e4ltere Koordinatenmessmaschine WMM mit neuer Steuerung und dem Scanning-Sensor VAST XT gen\u00fcgt heutigen Anforderungen.&#013;&#013;Englisch: Photo: An example of a refurbishment: even an almost 20 year old WMM coordinate measuring machine with a new controller and the VAST XT scanning sensor is capable of meeting the accuracy requirements of today.\"\n             data-src=\"https:\/\/www.mubgmbh.de\/wp-content\/gallery\/messen1\/zeiss_eclipse_1.jpg\"\n             data-thumbnail=\"https:\/\/www.mubgmbh.de\/wp-content\/gallery\/messen1\/thumbs\/thumbs_zeiss_eclipse_1.jpg\"\n             data-image-id=\"31\"\n             data-title=\"Koordinatenmessmaschine WMM, WMM coordinate measuring machine\"\n             data-description=\"Deutsch: Beispiel f\u00fcr Modernisierung: Auch eine \u00e4ltere Koordinatenmessmaschine WMM mit neuer Steuerung und dem Scanning-Sensor VAST XT gen\u00fcgt heutigen Anforderungen.&#013;&#013;Englisch: Photo: An example of a refurbishment: even an almost 20 year old WMM coordinate measuring machine with a new controller and the VAST XT scanning sensor is capable of meeting the accuracy requirements of today.\"\n             target='_self'\n             class=\"ngg-simplelightbox\" rel=\"ec5d4607bc1d1488fe769cf589101fb8\">\n            <img class=\"ngg-singlepic\"\n             src=\"https:\/\/www.mubgmbh.de\/wp-content\/gallery\/messen1\/cache\/zeiss_eclipse_1.jpg-nggid0231-ngg0dyn-320x240x100-00f0w010c010r110f110r010t010.jpg\"\n             alt=\"Koordinatenmessmaschine WMM, WMM coordinate measuring machine\"\n             title=\"Koordinatenmessmaschine WMM, WMM coordinate measuring machine\"\n              width=\"210\"               \/>\n    \t<\/a>\n\t\t      <\/div>\n        \n<p style=\"text-align: center;\"><span style=\"color: #c0c0c0;\">M&amp;B ist ein umstempelberechtigter Betrieb<\/span><\/p>\n<p style=\"text-align: center;\"><span style=\"color: #c0c0c0;\">und ist zertifiziert nach ISO 9001:2015<\/span><\/p>\n<p style=\"text-align: center;\"><a href=\"https:\/\/www.mubgmbh.de\/wp-content\/uploads\/2021\/02\/Zertifikat.jpg\"><img decoding=\"async\" loading=\"lazy\" src=\"https:\/\/www.mubgmbh.de\/wp-content\/uploads\/2021\/02\/Zertifikat.jpg\" alt=\"\" class=\"aligncenter  wp-image-779\" width=\"376\" height=\"523\" srcset=\"https:\/\/www.mubgmbh.de\/wp-content\/uploads\/2021\/02\/Zertifikat.jpg 627w, https:\/\/www.mubgmbh.de\/wp-content\/uploads\/2021\/02\/Zertifikat-216x300.jpg 216w, https:\/\/www.mubgmbh.de\/wp-content\/uploads\/2021\/02\/Zertifikat-86x120.jpg 86w\" sizes=\"(max-width: 376px) 100vw, 376px\" \/><\/a><\/p>\n\n\n<p><\/p>\n","protected":false},"excerpt":{"rendered":"<p>Unser Leistungsspektrum beinhaltet die kundenindividuelle &nbsp;Beratung, Planung, Konstruktion und Fertigung von: Einzelteil- und Serienfertigung von Bauteilen Vorrichtungen Lehren f\u00fcr die Qualit\u00e4tssicherung in der Produktion und Entwicklung Sondermaschinen z.B. f\u00fcr die Verpackungsindustrie Spritzgusswerkzeuge und Formen f\u00fcr die Kunststoffindustrie Unter Einbindung von: CAD\/CAM Daten mit VDA-Anschluss CNC-Dreh- und Fr\u00e4sbearbeitung mit bis zu 5 Achsen Drahterodieren Senkerodieren Flach- und Rundschleifen Wasserstrahlschneiden Laserbeschriftung Schwei\u00dfen Wig \/ Mig-Mag L\u00f6ten (hart, weich , Lichtbogenl\u00f6ten) Hohnen Trenns\u00e4gen von Keramik und Quarzglas Vakuumtechnik und Elektromechanik Pneumatik M&amp;B gew\u00e4hrleistet h\u00f6chste Pr\u00e4zision bei der Bearbeitung von: Metallen und NE-Metallen aller Art Edelstahlbearbeitung Kunststoffen aller Art CFK- und GFK-Werkstoffen Keramik und Quarzen F\u00fcr die Qualit\u00e4tssicherung steht eine Zeiss 3D Messmaschine bereit. M&amp;B ist ein umstempelberechtigter Betrieb und ist zertifiziert nach ISO 9001:2015<\/p>\n","protected":false},"author":1,"featured_media":0,"parent":0,"menu_order":20,"comment_status":"closed","ping_status":"closed","template":"","meta":{"ngg_post_thumbnail":0},"_links":{"self":[{"href":"https:\/\/www.mubgmbh.de\/index.php?rest_route=\/wp\/v2\/pages\/10"}],"collection":[{"href":"https:\/\/www.mubgmbh.de\/index.php?rest_route=\/wp\/v2\/pages"}],"about":[{"href":"https:\/\/www.mubgmbh.de\/index.php?rest_route=\/wp\/v2\/types\/page"}],"author":[{"embeddable":true,"href":"https:\/\/www.mubgmbh.de\/index.php?rest_route=\/wp\/v2\/users\/1"}],"replies":[{"embeddable":true,"href":"https:\/\/www.mubgmbh.de\/index.php?rest_route=%2Fwp%2Fv2%2Fcomments&post=10"}],"version-history":[{"count":29,"href":"https:\/\/www.mubgmbh.de\/index.php?rest_route=\/wp\/v2\/pages\/10\/revisions"}],"predecessor-version":[{"id":780,"href":"https:\/\/www.mubgmbh.de\/index.php?rest_route=\/wp\/v2\/pages\/10\/revisions\/780"}],"wp:attachment":[{"href":"https:\/\/www.mubgmbh.de\/index.php?rest_route=%2Fwp%2Fv2%2Fmedia&parent=10"}],"curies":[{"name":"wp","href":"https:\/\/api.w.org\/{rel}","templated":true}]}}